{"id":6388,"date":"2023-04-07T15:19:25","date_gmt":"2023-04-07T12:19:25","guid":{"rendered":"https:\/\/ofissamobilya.com.tr\/?post_type=product&#038;p=6388"},"modified":"2023-07-20T00:34:46","modified_gmt":"2023-07-19T21:34:46","slug":"mutida","status":"publish","type":"product","link":"https:\/\/ofissamobilya.com.tr\/en\/urun\/mutida\/","title":{"rendered":"Mutida"},"content":{"rendered":"","protected":false},"excerpt":{"rendered":"<blockquote><p><strong>Otorite, klas, estetik, zerafet, g\u00f6z al\u0131c\u0131 detaylar ve daha fazlas\u0131 ile MUT\u0130DA, bir ofis tak\u0131m\u0131ndan isteyebilece\u011finiz her \u015fey.<\/strong><\/p><\/blockquote>\n","protected":false},"featured_media":6391,"template":"","meta":[],"product_cat":[67],"product_tag":[63,73],"class_list":["post-6388","product","type-product","status-publish","has-post-thumbnail","hentry","product_cat-ust-yonetici-masa-takimlari","product_tag-buro-masa-takimlari","product_tag-yonetici-takimlari"],"_links":{"self":[{"href":"https:\/\/ofissamobilya.com.tr\/en\/wp-json\/wp\/v2\/product\/6388","targetHints":{"allow":["GET"]}}],"collection":[{"href":"https:\/\/ofissamobilya.com.tr\/en\/wp-json\/wp\/v2\/product"}],"about":[{"href":"https:\/\/ofissamobilya.com.tr\/en\/wp-json\/wp\/v2\/types\/product"}],"wp:featuredmedia":[{"embeddable":true,"href":"https:\/\/ofissamobilya.com.tr\/en\/wp-json\/wp\/v2\/media\/6391"}],"wp:attachment":[{"href":"https:\/\/ofissamobilya.com.tr\/en\/wp-json\/wp\/v2\/media?parent=6388"}],"wp:term":[{"taxonomy":"product_cat","embeddable":true,"href":"https:\/\/ofissamobilya.com.tr\/en\/wp-json\/wp\/v2\/product_cat?post=6388"},{"taxonomy":"product_tag","embeddable":true,"href":"https:\/\/ofissamobilya.com.tr\/en\/wp-json\/wp\/v2\/product_tag?post=6388"}],"curies":[{"name":"wp","href":"https:\/\/api.w.org\/{rel}","templated":true}]}}