{"id":6877,"date":"2023-04-14T08:48:39","date_gmt":"2023-04-14T05:48:39","guid":{"rendered":"https:\/\/ofissamobilya.com.tr\/?post_type=product&#038;p=6877"},"modified":"2023-07-20T00:34:47","modified_gmt":"2023-07-19T21:34:47","slug":"origami-2","status":"publish","type":"product","link":"https:\/\/ofissamobilya.com.tr\/en\/urun\/origami-2\/","title":{"rendered":"Origami"},"content":{"rendered":"","protected":false},"excerpt":{"rendered":"<blockquote><p><strong>Her \u015fey elinizin alt\u0131nda olsun istiyorsan\u0131z artt\u0131r\u0131labilen depolama alan\u0131yla Origami tam size g\u00f6re.<\/strong><\/p><\/blockquote>\n<p>\u00d6zg\u00fcn bir tasar\u0131ma sahip olan Origami ad\u0131n\u0131 a\u011fac\u0131n en i\u015flenmi\u015f hali olan ka\u011f\u0131d\u0131n sonsuz b\u00fct\u00fcnle\u015fmesinden al\u0131r. S\u0131rad\u0131\u015f\u0131 olmaktan korkmayanlar\u0131n tercihi olan bu tasar\u0131m, sepetli<br \/>\ndepolama alanlar\u0131 ile dikkatleri \u00fczerine \u00e7ekerken bulundu\u011fu ortama \u015f\u0131kl\u0131k katar. Birbirine entegre olabilen par\u00e7alar sayesinde her \u015feyi elinin alt\u0131nda tutmak isteyenler i\u00e7in daha fazla<br \/>\ndepolama alan\u0131na sahip se\u00e7ene\u011fi de olan Origami bir ofiste ihtiyac\u0131n\u0131z olan her \u015feyi eksiksiz kar\u015f\u0131lar.<\/p>\n<p>Kolay entegre edilebilir fonksiyonlar\u0131 sayesinde kullan\u0131m kolayl\u0131\u011f\u0131 sunan Origami \u00fcst d\u00fczey konfor sa\u011flar. Profesyonelce d\u00fc\u015f\u00fcn\u00fclm\u00fc\u015f pek \u00e7ok \u00f6zelli\u011fi sayesinde her yerini<br \/>\nkullanabilir, sergilemek istediklerinizi yerle\u015ftirip, depolamak istediklerinizi gizleyebilirsiniz. Kendi kullan\u0131m alan\u0131n\u0131za g\u00f6re yerle\u015ftirme yapabilece\u011finiz alanlar\u0131 sayesinde<br \/>\nofisinizde \u00f6zg\u00fcrle\u015fin.<\/p>\n<p>&nbsp;<\/p>\n<p>&nbsp;<\/p>\n","protected":false},"featured_media":6903,"template":"","meta":[],"product_cat":[67],"product_tag":[63,68],"class_list":["post-6877","product","type-product","status-publish","has-post-thumbnail","hentry","product_cat-ust-yonetici-masa-takimlari","product_tag-buro-masa-takimlari","product_tag-ust-yonetici-takimlari"],"_links":{"self":[{"href":"https:\/\/ofissamobilya.com.tr\/en\/wp-json\/wp\/v2\/product\/6877","targetHints":{"allow":["GET"]}}],"collection":[{"href":"https:\/\/ofissamobilya.com.tr\/en\/wp-json\/wp\/v2\/product"}],"about":[{"href":"https:\/\/ofissamobilya.com.tr\/en\/wp-json\/wp\/v2\/types\/product"}],"wp:featuredmedia":[{"embeddable":true,"href":"https:\/\/ofissamobilya.com.tr\/en\/wp-json\/wp\/v2\/media\/6903"}],"wp:attachment":[{"href":"https:\/\/ofissamobilya.com.tr\/en\/wp-json\/wp\/v2\/media?parent=6877"}],"wp:term":[{"taxonomy":"product_cat","embeddable":true,"href":"https:\/\/ofissamobilya.com.tr\/en\/wp-json\/wp\/v2\/product_cat?post=6877"},{"taxonomy":"product_tag","embeddable":true,"href":"https:\/\/ofissamobilya.com.tr\/en\/wp-json\/wp\/v2\/product_tag?post=6877"}],"curies":[{"name":"wp","href":"https:\/\/api.w.org\/{rel}","templated":true}]}}