{"id":6977,"date":"2023-05-16T23:17:34","date_gmt":"2023-05-16T20:17:34","guid":{"rendered":"https:\/\/ofissamobilya.com.tr\/?post_type=product&#038;p=6977"},"modified":"2023-07-20T23:16:11","modified_gmt":"2023-07-20T20:16:11","slug":"stream","status":"publish","type":"product","link":"https:\/\/ofissamobilya.com.tr\/en\/urun\/stream\/","title":{"rendered":"Stream"},"content":{"rendered":"","protected":false},"excerpt":{"rendered":"<blockquote><p><strong>Limitlerde kalarak realist olmay\u0131 ba\u015faran ayn\u0131 zamanda konsept yap\u0131s\u0131 ile tasar\u0131m tutkunlar\u0131n\u0131 mutlu edebilecek bir set.<\/strong><\/p><\/blockquote>\n<p>Katmanl\u0131 tasar\u0131m anlay\u0131\u015f\u0131m\u0131z\u0131n sonu\u00e7lar\u0131n\u0131n en minimal hali. Futurist yap\u0131s\u0131 ve agresif hatlar\u0131 ile gelecek tasar\u0131m evreninde yer bulmay\u0131 ba\u015fard\u0131. \u0130yi d\u00fc\u015f\u00fcn\u00fclm\u00fc\u015f fonksiyonel birle\u015fim detaylar\u0131na sahip. Dikkatli bak\u0131ld\u0131\u011f\u0131nda farkedilebilen keskin bir g\u00f6z\u00fcn bak\u0131\u015flar\u0131na maruz kalacaks\u0131n\u0131z.<\/p>\n","protected":false},"featured_media":7032,"template":"","meta":[],"product_cat":[34],"product_tag":[63],"class_list":["post-6977","product","type-product","status-publish","has-post-thumbnail","hentry","product_cat-yonetici-masa-takimlari","product_tag-buro-masa-takimlari"],"_links":{"self":[{"href":"https:\/\/ofissamobilya.com.tr\/en\/wp-json\/wp\/v2\/product\/6977","targetHints":{"allow":["GET"]}}],"collection":[{"href":"https:\/\/ofissamobilya.com.tr\/en\/wp-json\/wp\/v2\/product"}],"about":[{"href":"https:\/\/ofissamobilya.com.tr\/en\/wp-json\/wp\/v2\/types\/product"}],"wp:featuredmedia":[{"embeddable":true,"href":"https:\/\/ofissamobilya.com.tr\/en\/wp-json\/wp\/v2\/media\/7032"}],"wp:attachment":[{"href":"https:\/\/ofissamobilya.com.tr\/en\/wp-json\/wp\/v2\/media?parent=6977"}],"wp:term":[{"taxonomy":"product_cat","embeddable":true,"href":"https:\/\/ofissamobilya.com.tr\/en\/wp-json\/wp\/v2\/product_cat?post=6977"},{"taxonomy":"product_tag","embeddable":true,"href":"https:\/\/ofissamobilya.com.tr\/en\/wp-json\/wp\/v2\/product_tag?post=6977"}],"curies":[{"name":"wp","href":"https:\/\/api.w.org\/{rel}","templated":true}]}}