{"id":6984,"date":"2023-05-16T23:26:29","date_gmt":"2023-05-16T20:26:29","guid":{"rendered":"https:\/\/ofissamobilya.com.tr\/?post_type=product&#038;p=6984"},"modified":"2023-07-20T23:12:57","modified_gmt":"2023-07-20T20:12:57","slug":"edge","status":"publish","type":"product","link":"https:\/\/ofissamobilya.com.tr\/en\/urun\/edge\/","title":{"rendered":"Edge"},"content":{"rendered":"","protected":false},"excerpt":{"rendered":"<blockquote><p><strong>Modern ve yumu\u015fak. Simetrik ve be\u015fgen bile\u015fenleri; geometri ile dans\u0131m\u0131z\u0131 simgeliyor.<\/strong><\/p><\/blockquote>\n<p>Keskin ve yumu\u015fak hatlar\u0131 bir arada bar\u0131nd\u0131ran z\u0131tl\u0131klar ile vurguland\u0131. Al\u0131\u015f\u0131lagelmi\u015fin d\u0131\u015f\u0131nda proporsiyonu ve formu i\u015fe farkl\u0131la\u015fan bir \u00fcr\u00fcn.<\/p>\n","protected":false},"featured_media":7030,"template":"","meta":[],"product_cat":[34],"product_tag":[63],"class_list":["post-6984","product","type-product","status-publish","has-post-thumbnail","hentry","product_cat-yonetici-masa-takimlari","product_tag-buro-masa-takimlari"],"_links":{"self":[{"href":"https:\/\/ofissamobilya.com.tr\/en\/wp-json\/wp\/v2\/product\/6984","targetHints":{"allow":["GET"]}}],"collection":[{"href":"https:\/\/ofissamobilya.com.tr\/en\/wp-json\/wp\/v2\/product"}],"about":[{"href":"https:\/\/ofissamobilya.com.tr\/en\/wp-json\/wp\/v2\/types\/product"}],"wp:featuredmedia":[{"embeddable":true,"href":"https:\/\/ofissamobilya.com.tr\/en\/wp-json\/wp\/v2\/media\/7030"}],"wp:attachment":[{"href":"https:\/\/ofissamobilya.com.tr\/en\/wp-json\/wp\/v2\/media?parent=6984"}],"wp:term":[{"taxonomy":"product_cat","embeddable":true,"href":"https:\/\/ofissamobilya.com.tr\/en\/wp-json\/wp\/v2\/product_cat?post=6984"},{"taxonomy":"product_tag","embeddable":true,"href":"https:\/\/ofissamobilya.com.tr\/en\/wp-json\/wp\/v2\/product_tag?post=6984"}],"curies":[{"name":"wp","href":"https:\/\/api.w.org\/{rel}","templated":true}]}}