{"id":7097,"date":"2023-05-17T22:34:24","date_gmt":"2023-05-17T19:34:24","guid":{"rendered":"https:\/\/ofissamobilya.com.tr\/?post_type=product&#038;p=7097"},"modified":"2023-07-20T23:31:59","modified_gmt":"2023-07-20T20:31:59","slug":"note","status":"publish","type":"product","link":"https:\/\/ofissamobilya.com.tr\/en\/urun\/note\/","title":{"rendered":"Note"},"content":{"rendered":"","protected":false},"excerpt":{"rendered":"<blockquote><p><strong>Tasar\u0131mda detaylara \u00f6zen g\u00f6sterdik. <\/strong><\/p>\n<p>&nbsp;<\/p><\/blockquote>\n<p>Ofisinizde fazla alan yoksa tercihinizi Note serisinden yana kullanabilirsiniz. \u00c7al\u0131\u015fma y\u00fczeyindeki yeterli alan\u0131, sade ayaklar\u0131 sayesinde masa veya etejer alt\u0131na eklenebilen ba\u011f\u0131ms\u0131z aksesuarlar\u0131 dinamik kullan\u0131m alan\u0131 size konforlu bir deneyim ya\u015fatacak.<\/p>\n","protected":false},"featured_media":7103,"template":"","meta":[],"product_cat":[35],"product_tag":[63],"class_list":["post-7097","product","type-product","status-publish","has-post-thumbnail","hentry","product_cat-personel-masa-takimlari","product_tag-buro-masa-takimlari"],"_links":{"self":[{"href":"https:\/\/ofissamobilya.com.tr\/en\/wp-json\/wp\/v2\/product\/7097","targetHints":{"allow":["GET"]}}],"collection":[{"href":"https:\/\/ofissamobilya.com.tr\/en\/wp-json\/wp\/v2\/product"}],"about":[{"href":"https:\/\/ofissamobilya.com.tr\/en\/wp-json\/wp\/v2\/types\/product"}],"wp:featuredmedia":[{"embeddable":true,"href":"https:\/\/ofissamobilya.com.tr\/en\/wp-json\/wp\/v2\/media\/7103"}],"wp:attachment":[{"href":"https:\/\/ofissamobilya.com.tr\/en\/wp-json\/wp\/v2\/media?parent=7097"}],"wp:term":[{"taxonomy":"product_cat","embeddable":true,"href":"https:\/\/ofissamobilya.com.tr\/en\/wp-json\/wp\/v2\/product_cat?post=7097"},{"taxonomy":"product_tag","embeddable":true,"href":"https:\/\/ofissamobilya.com.tr\/en\/wp-json\/wp\/v2\/product_tag?post=7097"}],"curies":[{"name":"wp","href":"https:\/\/api.w.org\/{rel}","templated":true}]}}