{"id":7111,"date":"2023-05-17T22:53:49","date_gmt":"2023-05-17T19:53:49","guid":{"rendered":"https:\/\/ofissamobilya.com.tr\/?post_type=product&#038;p=7111"},"modified":"2023-07-20T23:38:42","modified_gmt":"2023-07-20T20:38:42","slug":"grid-2","status":"publish","type":"product","link":"https:\/\/ofissamobilya.com.tr\/en\/urun\/grid-2\/","title":{"rendered":"Grid"},"content":{"rendered":"","protected":false},"excerpt":{"rendered":"<blockquote><p><strong>Geni\u015f i\u015f istasyonu ve mod\u00fcl se\u00e7enekleri ile \u00e7al\u0131\u015fma alanlar\u0131 i\u00e7in esnek alternatifler sunabilecek bir kurguda.<\/strong><\/p><\/blockquote>\n<p>Kompozit malzemeler ile g\u00fc\u00e7lendirilmi\u015f, yumu\u015fak hatl\u0131 ayaklar\u0131 ile y\u0131llara meydan okuyacak bir \u00fcr\u00fcn. Tasar\u0131m; yerle\u015ftirdi\u011fimiz bir sepet ile fonksiyonelle\u015ftirildi.<\/p>\n","protected":false},"featured_media":7112,"template":"","meta":[],"product_cat":[36],"product_tag":[63],"class_list":["post-7111","product","type-product","status-publish","has-post-thumbnail","hentry","product_cat-is-istasyonlari","product_tag-buro-masa-takimlari"],"_links":{"self":[{"href":"https:\/\/ofissamobilya.com.tr\/en\/wp-json\/wp\/v2\/product\/7111","targetHints":{"allow":["GET"]}}],"collection":[{"href":"https:\/\/ofissamobilya.com.tr\/en\/wp-json\/wp\/v2\/product"}],"about":[{"href":"https:\/\/ofissamobilya.com.tr\/en\/wp-json\/wp\/v2\/types\/product"}],"wp:featuredmedia":[{"embeddable":true,"href":"https:\/\/ofissamobilya.com.tr\/en\/wp-json\/wp\/v2\/media\/7112"}],"wp:attachment":[{"href":"https:\/\/ofissamobilya.com.tr\/en\/wp-json\/wp\/v2\/media?parent=7111"}],"wp:term":[{"taxonomy":"product_cat","embeddable":true,"href":"https:\/\/ofissamobilya.com.tr\/en\/wp-json\/wp\/v2\/product_cat?post=7111"},{"taxonomy":"product_tag","embeddable":true,"href":"https:\/\/ofissamobilya.com.tr\/en\/wp-json\/wp\/v2\/product_tag?post=7111"}],"curies":[{"name":"wp","href":"https:\/\/api.w.org\/{rel}","templated":true}]}}