{"id":7120,"date":"2023-05-17T23:05:54","date_gmt":"2023-05-17T20:05:54","guid":{"rendered":"https:\/\/ofissamobilya.com.tr\/?post_type=product&#038;p=7120"},"modified":"2023-07-20T23:39:49","modified_gmt":"2023-07-20T20:39:49","slug":"pure-3","status":"publish","type":"product","link":"https:\/\/ofissamobilya.com.tr\/en\/urun\/pure-3\/","title":{"rendered":"Pure"},"content":{"rendered":"","protected":false},"excerpt":{"rendered":"<blockquote><p><strong>Geometrik hatlar\u0131 ve hareketli tasar\u0131m dili ile ofislerde farkl\u0131 bir esinti olu\u015fturaca\u011f\u0131na inan\u0131yoruz.<br \/>\n<\/strong><\/p><\/blockquote>\n<p>Oval ve narin ayak yap\u0131s\u0131; g\u00fc\u00e7l\u00fc \u00e7apraz destekler ile g\u00fc\u00e7lendirildi. Ar-ge iyile\u015ftirmeleri ile katk\u0131lar sa\u011flanarak maliyet-performans dengesi ile rekabet\u00e7ili\u011finden \u00f6d\u00fcn verilmedi.<\/p>\n","protected":false},"featured_media":7121,"template":"","meta":[],"product_cat":[36],"product_tag":[63],"class_list":["post-7120","product","type-product","status-publish","has-post-thumbnail","hentry","product_cat-is-istasyonlari","product_tag-buro-masa-takimlari"],"_links":{"self":[{"href":"https:\/\/ofissamobilya.com.tr\/en\/wp-json\/wp\/v2\/product\/7120","targetHints":{"allow":["GET"]}}],"collection":[{"href":"https:\/\/ofissamobilya.com.tr\/en\/wp-json\/wp\/v2\/product"}],"about":[{"href":"https:\/\/ofissamobilya.com.tr\/en\/wp-json\/wp\/v2\/types\/product"}],"wp:featuredmedia":[{"embeddable":true,"href":"https:\/\/ofissamobilya.com.tr\/en\/wp-json\/wp\/v2\/media\/7121"}],"wp:attachment":[{"href":"https:\/\/ofissamobilya.com.tr\/en\/wp-json\/wp\/v2\/media?parent=7120"}],"wp:term":[{"taxonomy":"product_cat","embeddable":true,"href":"https:\/\/ofissamobilya.com.tr\/en\/wp-json\/wp\/v2\/product_cat?post=7120"},{"taxonomy":"product_tag","embeddable":true,"href":"https:\/\/ofissamobilya.com.tr\/en\/wp-json\/wp\/v2\/product_tag?post=7120"}],"curies":[{"name":"wp","href":"https:\/\/api.w.org\/{rel}","templated":true}]}}