{"id":7131,"date":"2023-05-17T23:35:56","date_gmt":"2023-05-17T20:35:56","guid":{"rendered":"https:\/\/ofissamobilya.com.tr\/?post_type=product&#038;p=7131"},"modified":"2023-07-20T23:40:06","modified_gmt":"2023-07-20T20:40:06","slug":"twist-p2-2","status":"publish","type":"product","link":"https:\/\/ofissamobilya.com.tr\/en\/urun\/twist-p2-2\/","title":{"rendered":"Twist P2+"},"content":{"rendered":"","protected":false},"excerpt":{"rendered":"<blockquote><p><strong>Dar alanlardaki kalabal\u0131\u011f\u0131 Twist 2P+ ile kald\u0131rmak \u00e7ok kolay.<\/strong><\/p>\n<p>&nbsp;<\/p><\/blockquote>\n<p>Depolama \u00fcnitelerini L d\u00fczenine getirerek yerden tasarruf ve ederken bo\u015f alandan faydalanan Twist 2P+ geni\u015f \u00e7al\u0131\u015fma alan\u0131 olu\u015fturmak i\u00e7in \u00f6zel tasarlanm\u0131\u015f metal paneli ile yer kazan\u0131m\u0131n\u0131 art\u0131r\u0131r ve kullan\u0131c\u0131s\u0131na konforlu bir i\u015f deneyimi ya\u015famas\u0131na katk\u0131da bulunur.<\/p>\n","protected":false},"featured_media":7136,"template":"","meta":[],"product_cat":[36],"product_tag":[63],"class_list":["post-7131","product","type-product","status-publish","has-post-thumbnail","hentry","product_cat-is-istasyonlari","product_tag-buro-masa-takimlari"],"_links":{"self":[{"href":"https:\/\/ofissamobilya.com.tr\/en\/wp-json\/wp\/v2\/product\/7131","targetHints":{"allow":["GET"]}}],"collection":[{"href":"https:\/\/ofissamobilya.com.tr\/en\/wp-json\/wp\/v2\/product"}],"about":[{"href":"https:\/\/ofissamobilya.com.tr\/en\/wp-json\/wp\/v2\/types\/product"}],"wp:featuredmedia":[{"embeddable":true,"href":"https:\/\/ofissamobilya.com.tr\/en\/wp-json\/wp\/v2\/media\/7136"}],"wp:attachment":[{"href":"https:\/\/ofissamobilya.com.tr\/en\/wp-json\/wp\/v2\/media?parent=7131"}],"wp:term":[{"taxonomy":"product_cat","embeddable":true,"href":"https:\/\/ofissamobilya.com.tr\/en\/wp-json\/wp\/v2\/product_cat?post=7131"},{"taxonomy":"product_tag","embeddable":true,"href":"https:\/\/ofissamobilya.com.tr\/en\/wp-json\/wp\/v2\/product_tag?post=7131"}],"curies":[{"name":"wp","href":"https:\/\/api.w.org\/{rel}","templated":true}]}}