{"id":7174,"date":"2023-05-19T10:20:49","date_gmt":"2023-05-19T07:20:49","guid":{"rendered":"https:\/\/ofissamobilya.com.tr\/?post_type=product&#038;p=7174"},"modified":"2023-07-20T23:38:11","modified_gmt":"2023-07-20T20:38:11","slug":"eco-3p","status":"publish","type":"product","link":"https:\/\/ofissamobilya.com.tr\/en\/urun\/eco-3p\/","title":{"rendered":"Eco 3P"},"content":{"rendered":"","protected":false},"excerpt":{"rendered":"<blockquote><p><strong>Zengin renk se\u00e7ene\u011fiyle ofisinize yeni hava katacak Eco 3P ile e\u011flenceli i\u015f deneyiminize haz\u0131r olun. <\/strong><\/p><\/blockquote>\n<p>Tasar\u0131m\u0131 incelikle hesapland\u0131. \u00c7al\u0131\u015fma hayat\u0131ndaki hareketsizli\u011fi ele alarak d\u00fc\u015f\u00fcn\u00fclen Eco serisi k\u00fc\u00e7\u00fck mekanlar\u0131 sadeli\u011fi ile daraltmadan de\u011ferlendiriyor. Hareketli kesonu, \u00f6zel d\u00fc\u015f\u00fcn\u00fclm\u00fc\u015f metal paneli ile \u00e7al\u0131\u015fma alan\u0131n\u0131 geni\u015fleten tasar\u0131m\u0131yla kullan\u0131c\u0131lar\u0131na duyarl\u0131l\u0131kla yakla\u015f\u0131yor.<\/p>\n","protected":false},"featured_media":7178,"template":"","meta":[],"product_cat":[36],"product_tag":[63],"class_list":["post-7174","product","type-product","status-publish","has-post-thumbnail","hentry","product_cat-is-istasyonlari","product_tag-buro-masa-takimlari"],"_links":{"self":[{"href":"https:\/\/ofissamobilya.com.tr\/en\/wp-json\/wp\/v2\/product\/7174","targetHints":{"allow":["GET"]}}],"collection":[{"href":"https:\/\/ofissamobilya.com.tr\/en\/wp-json\/wp\/v2\/product"}],"about":[{"href":"https:\/\/ofissamobilya.com.tr\/en\/wp-json\/wp\/v2\/types\/product"}],"wp:featuredmedia":[{"embeddable":true,"href":"https:\/\/ofissamobilya.com.tr\/en\/wp-json\/wp\/v2\/media\/7178"}],"wp:attachment":[{"href":"https:\/\/ofissamobilya.com.tr\/en\/wp-json\/wp\/v2\/media?parent=7174"}],"wp:term":[{"taxonomy":"product_cat","embeddable":true,"href":"https:\/\/ofissamobilya.com.tr\/en\/wp-json\/wp\/v2\/product_cat?post=7174"},{"taxonomy":"product_tag","embeddable":true,"href":"https:\/\/ofissamobilya.com.tr\/en\/wp-json\/wp\/v2\/product_tag?post=7174"}],"curies":[{"name":"wp","href":"https:\/\/api.w.org\/{rel}","templated":true}]}}