{"id":7208,"date":"2023-05-19T20:36:33","date_gmt":"2023-05-19T17:36:33","guid":{"rendered":"https:\/\/ofissamobilya.com.tr\/?post_type=product&#038;p=7208"},"modified":"2023-07-21T00:48:30","modified_gmt":"2023-07-20T21:48:30","slug":"meridian-2","status":"publish","type":"product","link":"https:\/\/ofissamobilya.com.tr\/en\/urun\/meridian-2\/","title":{"rendered":"Meridian"},"content":{"rendered":"","protected":false},"excerpt":{"rendered":"<blockquote><p><strong>Bir prototip de\u011fil, uzay yolculu\u011fu i\u00e7in de tasarlanmad\u0131. Modern, keskin ve estetik.<\/strong><\/p><\/blockquote>\n<ul>\n<li>Ofis mobilyas\u0131nda, futurist yakla\u015f\u0131m\u0131 yeniden ele ald\u0131k. Simetrik yap\u0131s\u0131 ve katmanl\u0131 ayak tasar\u0131m\u0131 ile farkl\u0131la\u015f\u0131yor.<\/li>\n<li>Ortaya koydu\u011fumuz gelecek kurgumuzun en \u00f6nemli bile\u015fenlerinden.<\/li>\n<\/ul>\n","protected":false},"featured_media":7212,"template":"","meta":[],"product_cat":[45],"product_tag":[75,76],"class_list":["post-7208","product","type-product","status-publish","has-post-thumbnail","hentry","product_cat-oturma-gruplari","product_tag-kanepeler","product_tag-oturma-gruplari"],"_links":{"self":[{"href":"https:\/\/ofissamobilya.com.tr\/en\/wp-json\/wp\/v2\/product\/7208","targetHints":{"allow":["GET"]}}],"collection":[{"href":"https:\/\/ofissamobilya.com.tr\/en\/wp-json\/wp\/v2\/product"}],"about":[{"href":"https:\/\/ofissamobilya.com.tr\/en\/wp-json\/wp\/v2\/types\/product"}],"wp:featuredmedia":[{"embeddable":true,"href":"https:\/\/ofissamobilya.com.tr\/en\/wp-json\/wp\/v2\/media\/7212"}],"wp:attachment":[{"href":"https:\/\/ofissamobilya.com.tr\/en\/wp-json\/wp\/v2\/media?parent=7208"}],"wp:term":[{"taxonomy":"product_cat","embeddable":true,"href":"https:\/\/ofissamobilya.com.tr\/en\/wp-json\/wp\/v2\/product_cat?post=7208"},{"taxonomy":"product_tag","embeddable":true,"href":"https:\/\/ofissamobilya.com.tr\/en\/wp-json\/wp\/v2\/product_tag?post=7208"}],"curies":[{"name":"wp","href":"https:\/\/api.w.org\/{rel}","templated":true}]}}