{"id":7233,"date":"2023-05-19T21:36:21","date_gmt":"2023-05-19T18:36:21","guid":{"rendered":"https:\/\/ofissamobilya.com.tr\/?post_type=product&#038;p=7233"},"modified":"2023-08-04T23:10:50","modified_gmt":"2023-08-04T20:10:50","slug":"sigma-2","status":"publish","type":"product","link":"https:\/\/ofissamobilya.com.tr\/en\/urun\/sigma-2\/","title":{"rendered":"Sigma"},"content":{"rendered":"","protected":false},"excerpt":{"rendered":"<blockquote><p>Keskin \u00e7izgilerdeki asalet Sigma.<\/p><\/blockquote>\n<p>G\u00fc\u00e7l\u00fc ve kararl\u0131 yap\u0131s\u0131yla estetik doygunluk g\u00f6steren Sigma, ihti\u015faml\u0131 g\u00f6r\u00fcnt\u00fcs\u00fcn\u00fc net \u00e7izgileriyle sa\u011flamla\u015ft\u0131r\u0131yor. \u0130skeletine eklenen i\u00e7 i\u00e7e ge\u00e7mi\u015f kay\u0131\u015f tasar\u0131m ile ofisinize ba\u015fka bir hava kazand\u0131ran oturma grubu rahat ve ergonomik yap\u0131s\u0131 ile konforlu bir oturum deneyimi sunar.<\/p>\n","protected":false},"featured_media":7236,"template":"","meta":[],"product_cat":[45],"product_tag":[75,76],"class_list":["post-7233","product","type-product","status-publish","has-post-thumbnail","hentry","product_cat-oturma-gruplari","product_tag-kanepeler","product_tag-oturma-gruplari"],"_links":{"self":[{"href":"https:\/\/ofissamobilya.com.tr\/en\/wp-json\/wp\/v2\/product\/7233","targetHints":{"allow":["GET"]}}],"collection":[{"href":"https:\/\/ofissamobilya.com.tr\/en\/wp-json\/wp\/v2\/product"}],"about":[{"href":"https:\/\/ofissamobilya.com.tr\/en\/wp-json\/wp\/v2\/types\/product"}],"wp:featuredmedia":[{"embeddable":true,"href":"https:\/\/ofissamobilya.com.tr\/en\/wp-json\/wp\/v2\/media\/7236"}],"wp:attachment":[{"href":"https:\/\/ofissamobilya.com.tr\/en\/wp-json\/wp\/v2\/media?parent=7233"}],"wp:term":[{"taxonomy":"product_cat","embeddable":true,"href":"https:\/\/ofissamobilya.com.tr\/en\/wp-json\/wp\/v2\/product_cat?post=7233"},{"taxonomy":"product_tag","embeddable":true,"href":"https:\/\/ofissamobilya.com.tr\/en\/wp-json\/wp\/v2\/product_tag?post=7233"}],"curies":[{"name":"wp","href":"https:\/\/api.w.org\/{rel}","templated":true}]}}