{"id":7265,"date":"2023-05-19T22:17:37","date_gmt":"2023-05-19T19:17:37","guid":{"rendered":"https:\/\/ofissamobilya.com.tr\/?post_type=product&#038;p=7265"},"modified":"2023-08-04T23:11:33","modified_gmt":"2023-08-04T20:11:33","slug":"rip","status":"publish","type":"product","link":"https:\/\/ofissamobilya.com.tr\/en\/urun\/rip\/","title":{"rendered":"Rip"},"content":{"rendered":"","protected":false},"excerpt":{"rendered":"<blockquote><p>Rip estetik alg\u0131n\u0131z\u0131n s\u0131n\u0131rlar\u0131n\u0131 zorlayacak. Size muhte\u015fem rahatl\u0131kta bir ofis ortam\u0131 ya\u015fatacak.<\/p><\/blockquote>\n<p>K\u00f6\u015feli tasar\u0131m, kare diki\u015fler, s\u0131ra d\u0131\u015f\u0131 renkler&#8230; S\u0131cak ve samimi bir ofis alan\u0131n\u0131z varsa Rip eksik olan tek ihtiyac\u0131n\u0131z olabilir. Son derece rahat oturma alan\u0131 ve keskin hatlar\u0131yla bulundu\u011fu ortamda dikkati \u00fczerine \u00e7ekmeyi ba\u015faracak.<\/p>\n","protected":false},"featured_media":7269,"template":"","meta":[],"product_cat":[45],"product_tag":[75,76],"class_list":["post-7265","product","type-product","status-publish","has-post-thumbnail","hentry","product_cat-oturma-gruplari","product_tag-kanepeler","product_tag-oturma-gruplari"],"_links":{"self":[{"href":"https:\/\/ofissamobilya.com.tr\/en\/wp-json\/wp\/v2\/product\/7265","targetHints":{"allow":["GET"]}}],"collection":[{"href":"https:\/\/ofissamobilya.com.tr\/en\/wp-json\/wp\/v2\/product"}],"about":[{"href":"https:\/\/ofissamobilya.com.tr\/en\/wp-json\/wp\/v2\/types\/product"}],"wp:featuredmedia":[{"embeddable":true,"href":"https:\/\/ofissamobilya.com.tr\/en\/wp-json\/wp\/v2\/media\/7269"}],"wp:attachment":[{"href":"https:\/\/ofissamobilya.com.tr\/en\/wp-json\/wp\/v2\/media?parent=7265"}],"wp:term":[{"taxonomy":"product_cat","embeddable":true,"href":"https:\/\/ofissamobilya.com.tr\/en\/wp-json\/wp\/v2\/product_cat?post=7265"},{"taxonomy":"product_tag","embeddable":true,"href":"https:\/\/ofissamobilya.com.tr\/en\/wp-json\/wp\/v2\/product_tag?post=7265"}],"curies":[{"name":"wp","href":"https:\/\/api.w.org\/{rel}","templated":true}]}}