{"id":7270,"date":"2023-05-19T22:22:29","date_gmt":"2023-05-19T19:22:29","guid":{"rendered":"https:\/\/ofissamobilya.com.tr\/?post_type=product&#038;p=7270"},"modified":"2023-07-21T00:47:07","modified_gmt":"2023-07-20T21:47:07","slug":"hole","status":"publish","type":"product","link":"https:\/\/ofissamobilya.com.tr\/en\/urun\/hole\/","title":{"rendered":"Hole"},"content":{"rendered":"","protected":false},"excerpt":{"rendered":"<blockquote><p>Yar\u0131 k\u00f6\u015feli formu sayesinde \u00f6zg\u00fcnle\u015fiyor, bulundu\u011fu ortama detayl\u0131 bir dokunu\u015f kazand\u0131r\u0131yor.<\/p><\/blockquote>\n<p>Tekli ve \u00e7oklu oturma se\u00e7enekleri, kuma\u015f \u00e7e\u015fitlili\u011fi ile her ortama ayak uyduran, modern \u00e7izgileri sadelikle birle\u015ftiren Hole daralarak y\u00fckselen s\u0131rt yap\u0131s\u0131 ile son derece konforlu bir kullan\u0131m sa\u011flar. Bekleme salonlar\u0131 ve kalabal\u0131k \u00e7al\u0131\u015fma alanlar\u0131 i\u00e7in ideal bir se\u00e7enek..<\/p>\n","protected":false},"featured_media":7275,"template":"","meta":[],"product_cat":[45],"product_tag":[75,76],"class_list":["post-7270","product","type-product","status-publish","has-post-thumbnail","hentry","product_cat-oturma-gruplari","product_tag-kanepeler","product_tag-oturma-gruplari"],"_links":{"self":[{"href":"https:\/\/ofissamobilya.com.tr\/en\/wp-json\/wp\/v2\/product\/7270","targetHints":{"allow":["GET"]}}],"collection":[{"href":"https:\/\/ofissamobilya.com.tr\/en\/wp-json\/wp\/v2\/product"}],"about":[{"href":"https:\/\/ofissamobilya.com.tr\/en\/wp-json\/wp\/v2\/types\/product"}],"wp:featuredmedia":[{"embeddable":true,"href":"https:\/\/ofissamobilya.com.tr\/en\/wp-json\/wp\/v2\/media\/7275"}],"wp:attachment":[{"href":"https:\/\/ofissamobilya.com.tr\/en\/wp-json\/wp\/v2\/media?parent=7270"}],"wp:term":[{"taxonomy":"product_cat","embeddable":true,"href":"https:\/\/ofissamobilya.com.tr\/en\/wp-json\/wp\/v2\/product_cat?post=7270"},{"taxonomy":"product_tag","embeddable":true,"href":"https:\/\/ofissamobilya.com.tr\/en\/wp-json\/wp\/v2\/product_tag?post=7270"}],"curies":[{"name":"wp","href":"https:\/\/api.w.org\/{rel}","templated":true}]}}