{"id":7295,"date":"2023-05-19T22:56:28","date_gmt":"2023-05-19T19:56:28","guid":{"rendered":"https:\/\/ofissamobilya.com.tr\/?post_type=product&#038;p=7295"},"modified":"2023-07-21T00:43:08","modified_gmt":"2023-07-20T21:43:08","slug":"arum","status":"publish","type":"product","link":"https:\/\/ofissamobilya.com.tr\/en\/urun\/arum\/","title":{"rendered":"Arum"},"content":{"rendered":"","protected":false},"excerpt":{"rendered":"<blockquote><p>\u0130skelete yard\u0131mc\u0131 \u00f6zel kay\u0131\u015f sistemi Arum serisi i\u00e7in uzun \u00f6m\u00fcrl\u00fc bir kullan\u0131m sa\u011flar.<\/p><\/blockquote>\n<p>Deri ve metalin e\u015fsiz birle\u015fimi&#8230; \u00d6zellikle ayk\u0131r\u0131 renkte kullan\u0131lan kay\u0131\u015f sistemi \u00fczerinde yerle\u015ftirilmi\u015f deri yap\u0131 sayesinde Arum farkl\u0131l\u0131\u011f\u0131n\u0131 g\u00f6steriyor. Arkaya do\u011fru al\u00e7alan V form sayesinde rahat bir oturma imkan\u0131 sa\u011flar.<\/p>\n","protected":false},"featured_media":7299,"template":"","meta":[],"product_cat":[45],"product_tag":[75,76],"class_list":["post-7295","product","type-product","status-publish","has-post-thumbnail","hentry","product_cat-oturma-gruplari","product_tag-kanepeler","product_tag-oturma-gruplari"],"_links":{"self":[{"href":"https:\/\/ofissamobilya.com.tr\/en\/wp-json\/wp\/v2\/product\/7295","targetHints":{"allow":["GET"]}}],"collection":[{"href":"https:\/\/ofissamobilya.com.tr\/en\/wp-json\/wp\/v2\/product"}],"about":[{"href":"https:\/\/ofissamobilya.com.tr\/en\/wp-json\/wp\/v2\/types\/product"}],"wp:featuredmedia":[{"embeddable":true,"href":"https:\/\/ofissamobilya.com.tr\/en\/wp-json\/wp\/v2\/media\/7299"}],"wp:attachment":[{"href":"https:\/\/ofissamobilya.com.tr\/en\/wp-json\/wp\/v2\/media?parent=7295"}],"wp:term":[{"taxonomy":"product_cat","embeddable":true,"href":"https:\/\/ofissamobilya.com.tr\/en\/wp-json\/wp\/v2\/product_cat?post=7295"},{"taxonomy":"product_tag","embeddable":true,"href":"https:\/\/ofissamobilya.com.tr\/en\/wp-json\/wp\/v2\/product_tag?post=7295"}],"curies":[{"name":"wp","href":"https:\/\/api.w.org\/{rel}","templated":true}]}}