{"id":7398,"date":"2023-05-20T21:57:30","date_gmt":"2023-05-20T18:57:30","guid":{"rendered":"https:\/\/ofissamobilya.com.tr\/?post_type=product&#038;p=7398"},"modified":"2023-07-20T23:13:12","modified_gmt":"2023-07-20T20:13:12","slug":"gold-2","status":"publish","type":"product","link":"https:\/\/ofissamobilya.com.tr\/en\/urun\/gold-2\/","title":{"rendered":"Gold 2"},"content":{"rendered":"","protected":false},"excerpt":{"rendered":"<blockquote><p><strong>Tarihten g\u00fcn\u00fcm\u00fcze kadar zenginli\u011fin ve ihti\u015fam\u0131n simgesi olan alt\u0131n\u0131n mobilyayla bulu\u015fmas\u0131. GOLD, spesifik zevklere hitap eder.<\/strong><\/p><\/blockquote>\n","protected":false},"featured_media":7405,"template":"","meta":[],"product_cat":[34],"product_tag":[63,73],"class_list":["post-7398","product","type-product","status-publish","has-post-thumbnail","hentry","product_cat-yonetici-masa-takimlari","product_tag-buro-masa-takimlari","product_tag-yonetici-takimlari"],"_links":{"self":[{"href":"https:\/\/ofissamobilya.com.tr\/en\/wp-json\/wp\/v2\/product\/7398","targetHints":{"allow":["GET"]}}],"collection":[{"href":"https:\/\/ofissamobilya.com.tr\/en\/wp-json\/wp\/v2\/product"}],"about":[{"href":"https:\/\/ofissamobilya.com.tr\/en\/wp-json\/wp\/v2\/types\/product"}],"wp:featuredmedia":[{"embeddable":true,"href":"https:\/\/ofissamobilya.com.tr\/en\/wp-json\/wp\/v2\/media\/7405"}],"wp:attachment":[{"href":"https:\/\/ofissamobilya.com.tr\/en\/wp-json\/wp\/v2\/media?parent=7398"}],"wp:term":[{"taxonomy":"product_cat","embeddable":true,"href":"https:\/\/ofissamobilya.com.tr\/en\/wp-json\/wp\/v2\/product_cat?post=7398"},{"taxonomy":"product_tag","embeddable":true,"href":"https:\/\/ofissamobilya.com.tr\/en\/wp-json\/wp\/v2\/product_tag?post=7398"}],"curies":[{"name":"wp","href":"https:\/\/api.w.org\/{rel}","templated":true}]}}