{"id":7406,"date":"2023-05-20T22:00:28","date_gmt":"2023-05-20T19:00:28","guid":{"rendered":"https:\/\/ofissamobilya.com.tr\/?post_type=product&#038;p=7406"},"modified":"2023-07-20T23:13:56","modified_gmt":"2023-07-20T20:13:56","slug":"moss","status":"publish","type":"product","link":"https:\/\/ofissamobilya.com.tr\/en\/urun\/moss\/","title":{"rendered":"Moss"},"content":{"rendered":"","protected":false},"excerpt":{"rendered":"<blockquote><p><strong>S\u0131ra d\u0131\u015f\u0131 detaylar\u0131, \u015f\u0131k renk uyumu ve estetik duru\u015fuyla MOSS, ofisinizde ve g\u00f6nl\u00fcn\u00fczde tahta kuracak.<\/strong><\/p><\/blockquote>\n","protected":false},"featured_media":7412,"template":"","meta":[],"product_cat":[34],"product_tag":[63,73],"class_list":["post-7406","product","type-product","status-publish","has-post-thumbnail","hentry","product_cat-yonetici-masa-takimlari","product_tag-buro-masa-takimlari","product_tag-yonetici-takimlari"],"_links":{"self":[{"href":"https:\/\/ofissamobilya.com.tr\/en\/wp-json\/wp\/v2\/product\/7406","targetHints":{"allow":["GET"]}}],"collection":[{"href":"https:\/\/ofissamobilya.com.tr\/en\/wp-json\/wp\/v2\/product"}],"about":[{"href":"https:\/\/ofissamobilya.com.tr\/en\/wp-json\/wp\/v2\/types\/product"}],"wp:featuredmedia":[{"embeddable":true,"href":"https:\/\/ofissamobilya.com.tr\/en\/wp-json\/wp\/v2\/media\/7412"}],"wp:attachment":[{"href":"https:\/\/ofissamobilya.com.tr\/en\/wp-json\/wp\/v2\/media?parent=7406"}],"wp:term":[{"taxonomy":"product_cat","embeddable":true,"href":"https:\/\/ofissamobilya.com.tr\/en\/wp-json\/wp\/v2\/product_cat?post=7406"},{"taxonomy":"product_tag","embeddable":true,"href":"https:\/\/ofissamobilya.com.tr\/en\/wp-json\/wp\/v2\/product_tag?post=7406"}],"curies":[{"name":"wp","href":"https:\/\/api.w.org\/{rel}","templated":true}]}}