{"id":7496,"date":"2023-05-21T16:28:16","date_gmt":"2023-05-21T13:28:16","guid":{"rendered":"https:\/\/ofissamobilya.com.tr\/?post_type=product&#038;p=7496"},"modified":"2023-07-20T23:16:01","modified_gmt":"2023-07-20T20:16:01","slug":"seren","status":"publish","type":"product","link":"https:\/\/ofissamobilya.com.tr\/en\/urun\/seren\/","title":{"rendered":"Seren"},"content":{"rendered":"","protected":false},"excerpt":{"rendered":"<blockquote><p><strong>Kapitone ile ah\u015fab\u0131 \u015f\u0131k bir \u015fekilde bulu\u015fturan SEREN, a\u011f\u0131r ve disiplinli duru\u015fuyla kendinizi \u00f6zel hissettirecek.<\/strong><\/p><\/blockquote>\n","protected":false},"featured_media":7503,"template":"","meta":[],"product_cat":[34],"product_tag":[63,73],"class_list":["post-7496","product","type-product","status-publish","has-post-thumbnail","hentry","product_cat-yonetici-masa-takimlari","product_tag-buro-masa-takimlari","product_tag-yonetici-takimlari"],"_links":{"self":[{"href":"https:\/\/ofissamobilya.com.tr\/en\/wp-json\/wp\/v2\/product\/7496","targetHints":{"allow":["GET"]}}],"collection":[{"href":"https:\/\/ofissamobilya.com.tr\/en\/wp-json\/wp\/v2\/product"}],"about":[{"href":"https:\/\/ofissamobilya.com.tr\/en\/wp-json\/wp\/v2\/types\/product"}],"wp:featuredmedia":[{"embeddable":true,"href":"https:\/\/ofissamobilya.com.tr\/en\/wp-json\/wp\/v2\/media\/7503"}],"wp:attachment":[{"href":"https:\/\/ofissamobilya.com.tr\/en\/wp-json\/wp\/v2\/media?parent=7496"}],"wp:term":[{"taxonomy":"product_cat","embeddable":true,"href":"https:\/\/ofissamobilya.com.tr\/en\/wp-json\/wp\/v2\/product_cat?post=7496"},{"taxonomy":"product_tag","embeddable":true,"href":"https:\/\/ofissamobilya.com.tr\/en\/wp-json\/wp\/v2\/product_tag?post=7496"}],"curies":[{"name":"wp","href":"https:\/\/api.w.org\/{rel}","templated":true}]}}