{"id":7543,"date":"2023-05-21T20:15:15","date_gmt":"2023-05-21T17:15:15","guid":{"rendered":"https:\/\/ofissamobilya.com.tr\/?post_type=product&#038;p=7543"},"modified":"2023-07-20T23:16:38","modified_gmt":"2023-07-20T20:16:38","slug":"truva","status":"publish","type":"product","link":"https:\/\/ofissamobilya.com.tr\/en\/urun\/truva\/","title":{"rendered":"Truva"},"content":{"rendered":"","protected":false},"excerpt":{"rendered":"<blockquote><p><strong>M\u00fctevazi ama etkileyici duru\u015fu, \u015f\u0131k detaylar\u0131 ve bir b\u00fct\u00fcn olarak uyumu ile ofisinizin ihtiyac\u0131 olan her \u015fey TRUVA&#8217;da bulu\u015fuyor.<\/strong><\/p><\/blockquote>\n","protected":false},"featured_media":7544,"template":"","meta":[],"product_cat":[34],"product_tag":[63,73],"class_list":["post-7543","product","type-product","status-publish","has-post-thumbnail","hentry","product_cat-yonetici-masa-takimlari","product_tag-buro-masa-takimlari","product_tag-yonetici-takimlari"],"_links":{"self":[{"href":"https:\/\/ofissamobilya.com.tr\/en\/wp-json\/wp\/v2\/product\/7543","targetHints":{"allow":["GET"]}}],"collection":[{"href":"https:\/\/ofissamobilya.com.tr\/en\/wp-json\/wp\/v2\/product"}],"about":[{"href":"https:\/\/ofissamobilya.com.tr\/en\/wp-json\/wp\/v2\/types\/product"}],"wp:featuredmedia":[{"embeddable":true,"href":"https:\/\/ofissamobilya.com.tr\/en\/wp-json\/wp\/v2\/media\/7544"}],"wp:attachment":[{"href":"https:\/\/ofissamobilya.com.tr\/en\/wp-json\/wp\/v2\/media?parent=7543"}],"wp:term":[{"taxonomy":"product_cat","embeddable":true,"href":"https:\/\/ofissamobilya.com.tr\/en\/wp-json\/wp\/v2\/product_cat?post=7543"},{"taxonomy":"product_tag","embeddable":true,"href":"https:\/\/ofissamobilya.com.tr\/en\/wp-json\/wp\/v2\/product_tag?post=7543"}],"curies":[{"name":"wp","href":"https:\/\/api.w.org\/{rel}","templated":true}]}}