{"id":7637,"date":"2023-05-21T22:43:42","date_gmt":"2023-05-21T19:43:42","guid":{"rendered":"https:\/\/ofissamobilya.com.tr\/?post_type=product&#038;p=7637"},"modified":"2023-08-04T23:04:19","modified_gmt":"2023-08-04T20:04:19","slug":"asos","status":"publish","type":"product","link":"https:\/\/ofissamobilya.com.tr\/en\/urun\/asos\/","title":{"rendered":"Asos"},"content":{"rendered":"","protected":false},"excerpt":{"rendered":"<blockquote><p>Evinizin konforunu \u00e7al\u0131\u015fma alan\u0131n\u0131zda da hissedin.<\/p><\/blockquote>\n","protected":false},"featured_media":7638,"template":"","meta":[],"product_cat":[45],"product_tag":[75,76],"class_list":["post-7637","product","type-product","status-publish","has-post-thumbnail","hentry","product_cat-oturma-gruplari","product_tag-kanepeler","product_tag-oturma-gruplari"],"_links":{"self":[{"href":"https:\/\/ofissamobilya.com.tr\/en\/wp-json\/wp\/v2\/product\/7637","targetHints":{"allow":["GET"]}}],"collection":[{"href":"https:\/\/ofissamobilya.com.tr\/en\/wp-json\/wp\/v2\/product"}],"about":[{"href":"https:\/\/ofissamobilya.com.tr\/en\/wp-json\/wp\/v2\/types\/product"}],"wp:featuredmedia":[{"embeddable":true,"href":"https:\/\/ofissamobilya.com.tr\/en\/wp-json\/wp\/v2\/media\/7638"}],"wp:attachment":[{"href":"https:\/\/ofissamobilya.com.tr\/en\/wp-json\/wp\/v2\/media?parent=7637"}],"wp:term":[{"taxonomy":"product_cat","embeddable":true,"href":"https:\/\/ofissamobilya.com.tr\/en\/wp-json\/wp\/v2\/product_cat?post=7637"},{"taxonomy":"product_tag","embeddable":true,"href":"https:\/\/ofissamobilya.com.tr\/en\/wp-json\/wp\/v2\/product_tag?post=7637"}],"curies":[{"name":"wp","href":"https:\/\/api.w.org\/{rel}","templated":true}]}}