{"id":7643,"date":"2023-05-21T22:45:40","date_gmt":"2023-05-21T19:45:40","guid":{"rendered":"https:\/\/ofissamobilya.com.tr\/?post_type=product&#038;p=7643"},"modified":"2023-07-21T00:48:00","modified_gmt":"2023-07-20T21:48:00","slug":"marsilya","status":"publish","type":"product","link":"https:\/\/ofissamobilya.com.tr\/en\/urun\/marsilya\/","title":{"rendered":"Marsilya"},"content":{"rendered":"","protected":false},"excerpt":{"rendered":"<blockquote><p>K\u0131yafetler kadar mobilyalarda d\u0131\u015f g\u00f6r\u00fcn\u00fc\u015f\u00fcn\u00fcz\u00fcn par\u00e7as\u0131d\u0131r.<\/p><\/blockquote>\n","protected":false},"featured_media":7644,"template":"","meta":[],"product_cat":[45],"product_tag":[75,76],"class_list":["post-7643","product","type-product","status-publish","has-post-thumbnail","hentry","product_cat-oturma-gruplari","product_tag-kanepeler","product_tag-oturma-gruplari"],"_links":{"self":[{"href":"https:\/\/ofissamobilya.com.tr\/en\/wp-json\/wp\/v2\/product\/7643","targetHints":{"allow":["GET"]}}],"collection":[{"href":"https:\/\/ofissamobilya.com.tr\/en\/wp-json\/wp\/v2\/product"}],"about":[{"href":"https:\/\/ofissamobilya.com.tr\/en\/wp-json\/wp\/v2\/types\/product"}],"wp:featuredmedia":[{"embeddable":true,"href":"https:\/\/ofissamobilya.com.tr\/en\/wp-json\/wp\/v2\/media\/7644"}],"wp:attachment":[{"href":"https:\/\/ofissamobilya.com.tr\/en\/wp-json\/wp\/v2\/media?parent=7643"}],"wp:term":[{"taxonomy":"product_cat","embeddable":true,"href":"https:\/\/ofissamobilya.com.tr\/en\/wp-json\/wp\/v2\/product_cat?post=7643"},{"taxonomy":"product_tag","embeddable":true,"href":"https:\/\/ofissamobilya.com.tr\/en\/wp-json\/wp\/v2\/product_tag?post=7643"}],"curies":[{"name":"wp","href":"https:\/\/api.w.org\/{rel}","templated":true}]}}