{"id":7649,"date":"2023-05-21T22:47:38","date_gmt":"2023-05-21T19:47:38","guid":{"rendered":"https:\/\/ofissamobilya.com.tr\/?post_type=product&#038;p=7649"},"modified":"2023-07-21T00:47:32","modified_gmt":"2023-07-20T21:47:32","slug":"lyon","status":"publish","type":"product","link":"https:\/\/ofissamobilya.com.tr\/en\/urun\/lyon\/","title":{"rendered":"Lyon"},"content":{"rendered":"","protected":false},"excerpt":{"rendered":"<blockquote><p>\u0130\u015fyerinizdeki konfor verimlili\u011fi etkiler.<\/p><\/blockquote>\n","protected":false},"featured_media":7650,"template":"","meta":[],"product_cat":[45],"product_tag":[75,76],"class_list":["post-7649","product","type-product","status-publish","has-post-thumbnail","hentry","product_cat-oturma-gruplari","product_tag-kanepeler","product_tag-oturma-gruplari"],"_links":{"self":[{"href":"https:\/\/ofissamobilya.com.tr\/en\/wp-json\/wp\/v2\/product\/7649","targetHints":{"allow":["GET"]}}],"collection":[{"href":"https:\/\/ofissamobilya.com.tr\/en\/wp-json\/wp\/v2\/product"}],"about":[{"href":"https:\/\/ofissamobilya.com.tr\/en\/wp-json\/wp\/v2\/types\/product"}],"wp:featuredmedia":[{"embeddable":true,"href":"https:\/\/ofissamobilya.com.tr\/en\/wp-json\/wp\/v2\/media\/7650"}],"wp:attachment":[{"href":"https:\/\/ofissamobilya.com.tr\/en\/wp-json\/wp\/v2\/media?parent=7649"}],"wp:term":[{"taxonomy":"product_cat","embeddable":true,"href":"https:\/\/ofissamobilya.com.tr\/en\/wp-json\/wp\/v2\/product_cat?post=7649"},{"taxonomy":"product_tag","embeddable":true,"href":"https:\/\/ofissamobilya.com.tr\/en\/wp-json\/wp\/v2\/product_tag?post=7649"}],"curies":[{"name":"wp","href":"https:\/\/api.w.org\/{rel}","templated":true}]}}