{"id":7655,"date":"2023-05-22T21:01:15","date_gmt":"2023-05-22T18:01:15","guid":{"rendered":"https:\/\/ofissamobilya.com.tr\/?post_type=product&#038;p=7655"},"modified":"2023-08-04T23:08:19","modified_gmt":"2023-08-04T20:08:19","slug":"vienna","status":"publish","type":"product","link":"https:\/\/ofissamobilya.com.tr\/en\/urun\/vienna\/","title":{"rendered":"Vienna"},"content":{"rendered":"","protected":false},"excerpt":{"rendered":"<blockquote><p>Ofisine de\u011fer veren, hem esteti\u011fe hem kullan\u0131m kolayl\u0131\u011f\u0131na \u00f6nem verenler i\u00e7in tasarland\u0131. \u0130nce d\u00fc\u015f\u00fcn\u00fclm\u00fc\u015f detaylar\u0131, klasik renk kombini ve g\u00f6z al\u0131c\u0131 tasar\u0131m\u0131yla VIENNA ofisinize \u00e7ok yak\u0131\u015facak.<\/p><\/blockquote>\n","protected":false},"featured_media":7667,"template":"","meta":[],"product_cat":[45],"product_tag":[75,76],"class_list":["post-7655","product","type-product","status-publish","has-post-thumbnail","hentry","product_cat-oturma-gruplari","product_tag-kanepeler","product_tag-oturma-gruplari"],"_links":{"self":[{"href":"https:\/\/ofissamobilya.com.tr\/en\/wp-json\/wp\/v2\/product\/7655","targetHints":{"allow":["GET"]}}],"collection":[{"href":"https:\/\/ofissamobilya.com.tr\/en\/wp-json\/wp\/v2\/product"}],"about":[{"href":"https:\/\/ofissamobilya.com.tr\/en\/wp-json\/wp\/v2\/types\/product"}],"wp:featuredmedia":[{"embeddable":true,"href":"https:\/\/ofissamobilya.com.tr\/en\/wp-json\/wp\/v2\/media\/7667"}],"wp:attachment":[{"href":"https:\/\/ofissamobilya.com.tr\/en\/wp-json\/wp\/v2\/media?parent=7655"}],"wp:term":[{"taxonomy":"product_cat","embeddable":true,"href":"https:\/\/ofissamobilya.com.tr\/en\/wp-json\/wp\/v2\/product_cat?post=7655"},{"taxonomy":"product_tag","embeddable":true,"href":"https:\/\/ofissamobilya.com.tr\/en\/wp-json\/wp\/v2\/product_tag?post=7655"}],"curies":[{"name":"wp","href":"https:\/\/api.w.org\/{rel}","templated":true}]}}