{"id":7661,"date":"2023-05-22T21:07:40","date_gmt":"2023-05-22T18:07:40","guid":{"rendered":"https:\/\/ofissamobilya.com.tr\/?post_type=product&#038;p=7661"},"modified":"2023-08-04T23:05:32","modified_gmt":"2023-08-04T20:05:32","slug":"zenit","status":"publish","type":"product","link":"https:\/\/ofissamobilya.com.tr\/en\/urun\/zenit\/","title":{"rendered":"Zenit"},"content":{"rendered":"","protected":false},"excerpt":{"rendered":"<blockquote><p>Bulutlar\u0131n \u00fczerindeymi\u015f gibi hissedin.<\/p><\/blockquote>\n","protected":false},"featured_media":7662,"template":"","meta":[],"product_cat":[45],"product_tag":[75,76],"class_list":["post-7661","product","type-product","status-publish","has-post-thumbnail","hentry","product_cat-oturma-gruplari","product_tag-kanepeler","product_tag-oturma-gruplari"],"_links":{"self":[{"href":"https:\/\/ofissamobilya.com.tr\/en\/wp-json\/wp\/v2\/product\/7661","targetHints":{"allow":["GET"]}}],"collection":[{"href":"https:\/\/ofissamobilya.com.tr\/en\/wp-json\/wp\/v2\/product"}],"about":[{"href":"https:\/\/ofissamobilya.com.tr\/en\/wp-json\/wp\/v2\/types\/product"}],"wp:featuredmedia":[{"embeddable":true,"href":"https:\/\/ofissamobilya.com.tr\/en\/wp-json\/wp\/v2\/media\/7662"}],"wp:attachment":[{"href":"https:\/\/ofissamobilya.com.tr\/en\/wp-json\/wp\/v2\/media?parent=7661"}],"wp:term":[{"taxonomy":"product_cat","embeddable":true,"href":"https:\/\/ofissamobilya.com.tr\/en\/wp-json\/wp\/v2\/product_cat?post=7661"},{"taxonomy":"product_tag","embeddable":true,"href":"https:\/\/ofissamobilya.com.tr\/en\/wp-json\/wp\/v2\/product_tag?post=7661"}],"curies":[{"name":"wp","href":"https:\/\/api.w.org\/{rel}","templated":true}]}}