{"id":7833,"date":"2023-05-24T21:02:13","date_gmt":"2023-05-24T18:02:13","guid":{"rendered":"https:\/\/ofissamobilya.com.tr\/?post_type=product&#038;p=7833"},"modified":"2023-07-20T23:34:39","modified_gmt":"2023-07-20T20:34:39","slug":"step-180-cm","status":"publish","type":"product","link":"https:\/\/ofissamobilya.com.tr\/en\/urun\/step-180-cm\/","title":{"rendered":"Step 180 cm."},"content":{"rendered":"","protected":false},"excerpt":{"rendered":"<p>Kaliteli, ekonomik ve kullan\u0131\u015fl\u0131, STEP ile \u00e7al\u0131\u015fma alan\u0131n\u0131zdan max. verim al\u0131n.<\/p>\n","protected":false},"featured_media":7839,"template":"","meta":[],"product_cat":[35],"product_tag":[63],"class_list":["post-7833","product","type-product","status-publish","has-post-thumbnail","hentry","product_cat-personel-masa-takimlari","product_tag-buro-masa-takimlari"],"_links":{"self":[{"href":"https:\/\/ofissamobilya.com.tr\/en\/wp-json\/wp\/v2\/product\/7833","targetHints":{"allow":["GET"]}}],"collection":[{"href":"https:\/\/ofissamobilya.com.tr\/en\/wp-json\/wp\/v2\/product"}],"about":[{"href":"https:\/\/ofissamobilya.com.tr\/en\/wp-json\/wp\/v2\/types\/product"}],"wp:featuredmedia":[{"embeddable":true,"href":"https:\/\/ofissamobilya.com.tr\/en\/wp-json\/wp\/v2\/media\/7839"}],"wp:attachment":[{"href":"https:\/\/ofissamobilya.com.tr\/en\/wp-json\/wp\/v2\/media?parent=7833"}],"wp:term":[{"taxonomy":"product_cat","embeddable":true,"href":"https:\/\/ofissamobilya.com.tr\/en\/wp-json\/wp\/v2\/product_cat?post=7833"},{"taxonomy":"product_tag","embeddable":true,"href":"https:\/\/ofissamobilya.com.tr\/en\/wp-json\/wp\/v2\/product_tag?post=7833"}],"curies":[{"name":"wp","href":"https:\/\/api.w.org\/{rel}","templated":true}]}}