{"id":8752,"date":"2023-06-12T23:35:27","date_gmt":"2023-06-12T20:35:27","guid":{"rendered":"https:\/\/ofissamobilya.com.tr\/?post_type=product&#038;p=8752"},"modified":"2023-08-04T21:45:49","modified_gmt":"2023-08-04T18:45:49","slug":"arti-yarim-kapakli-dolap","status":"publish","type":"product","link":"https:\/\/ofissamobilya.com.tr\/en\/urun\/arti-yarim-kapakli-dolap\/","title":{"rendered":"Art\u0131 Yar\u0131m Kapakl\u0131 Dolap"},"content":{"rendered":"","protected":false},"excerpt":{"rendered":"","protected":false},"featured_media":8753,"template":"","meta":[],"product_cat":[48],"product_tag":[96],"class_list":["post-8752","product","type-product","status-publish","has-post-thumbnail","hentry","product_cat-ofis-dolaplari","product_tag-ofis-dolaplari"],"_links":{"self":[{"href":"https:\/\/ofissamobilya.com.tr\/en\/wp-json\/wp\/v2\/product\/8752","targetHints":{"allow":["GET"]}}],"collection":[{"href":"https:\/\/ofissamobilya.com.tr\/en\/wp-json\/wp\/v2\/product"}],"about":[{"href":"https:\/\/ofissamobilya.com.tr\/en\/wp-json\/wp\/v2\/types\/product"}],"wp:featuredmedia":[{"embeddable":true,"href":"https:\/\/ofissamobilya.com.tr\/en\/wp-json\/wp\/v2\/media\/8753"}],"wp:attachment":[{"href":"https:\/\/ofissamobilya.com.tr\/en\/wp-json\/wp\/v2\/media?parent=8752"}],"wp:term":[{"taxonomy":"product_cat","embeddable":true,"href":"https:\/\/ofissamobilya.com.tr\/en\/wp-json\/wp\/v2\/product_cat?post=8752"},{"taxonomy":"product_tag","embeddable":true,"href":"https:\/\/ofissamobilya.com.tr\/en\/wp-json\/wp\/v2\/product_tag?post=8752"}],"curies":[{"name":"wp","href":"https:\/\/api.w.org\/{rel}","templated":true}]}}